{"id":679,"date":"2022-10-20T22:56:57","date_gmt":"2022-10-20T20:56:57","guid":{"rendered":"https:\/\/www.roemer-castell.de\/inn\/"},"modified":"2025-12-15T12:59:58","modified_gmt":"2025-12-15T11:59:58","slug":"inn","status":"publish","type":"page","link":"https:\/\/www.roemer-castell.de\/en\/inn\/","title":{"rendered":"Inn"},"content":{"rendered":"<p>[vc_section el_id=&#8221;titelbild&#8221; el_class=&#8221;overlay-v02&#8243; css=&#8221;.vc_custom_1678288596424{background-image: url(https:\/\/www.roemer-castell.de\/wp-content\/uploads\/2023\/03\/roemercastell-wirtsstube-01.jpg?id=220) !important;}&#8221;][vc_row][vc_column][\/vc_column][\/vc_row][\/vc_section][vc_section][vc_row content_placement=&#8221;middle&#8221;][vc_column width=&#8221;1\/2&#8243;][vc_column_text]<\/p>\n<h1>Regional Delights<\/h1>\n<p>[\/vc_column_text][vc_column_text]Welcome to our traditional R\u00f6mercastell, inn &amp; hotel in B\u00f6hming.<o:p><\/o:p><\/p>\n<p>On our menu you will find hearty snacks and fine delicacies from the Altm\u00fchl Valley to Tyrolean cuisine. <o:p><\/o:p><\/p>\n<p>Several times a year, depending on the season, we change our menu, featuring everything from asparagus to game, from porcini mushrooms to pumpkin. We always prioritize fresh, regional ingredients and fair prices. <o:p><\/o:p><\/p>\n<p>We source our beers from B\u00fcrgerlichen Brauhaus and the Herrnbr\u00e4u brewery in Ingolstadt.<o:p><\/o:p><\/p>\n<p>Be our guest at the newly renovated R\u00f6mercastell.[\/vc_column_text][\/vc_column][vc_column width=&#8221;1\/2&#8243;][vc_single_image image=&#8221;683&#8243; img_size=&#8221;full&#8221;][\/vc_column][\/vc_row][\/vc_section][vc_section el_class=&#8221;hintergrund-light&#8221;][vc_row][vc_column width=&#8221;1\/4&#8243;][\/vc_column][vc_column width=&#8221;1\/2&#8243;][vc_column_text]<\/p>\n<h1 style=\"text-align: center;\">Our opening hours<\/h1>\n<p>[\/vc_column_text][\/vc_column][vc_column width=&#8221;1\/4&#8243;][\/vc_column][\/vc_row][vc_row][vc_column width=&#8221;1\/4&#8243;][\/vc_column][vc_column width=&#8221;1\/2&#8243;][vc_column_text]<\/p>\n<h3 style=\"text-align: center;\"><strong>Open daily<\/strong><\/h3>\n<p style=\"text-align: center;\">Monday to Friday from 12:00 pm<\/p>\n<p style=\"text-align: center;\">Saturday from 12:00 pm<\/p>\n<p style=\"text-align: center;\">Sundays and public holidays from 11:00 am<\/p>\n<p style=\"text-align: center;\">Hot meals served continuously until 9:00 pm<\/p>\n<p style=\"text-align: center;\">Please make a reservation in advance if possible by calling 08465-1729920.<\/p>\n<p style=\"text-align: center;\">For groups of 10 or more people, our inn is happy to open outside of these regular hours.<\/p>\n<p style=\"text-align: center;\">Please feel free to inquire about this, even at short notice.<\/p>\n<h2 style=\"text-align: center;\"><\/h2>\n<h2 style=\"text-align: center;\"><\/h2>\n<p>&nbsp;<\/p>\n<h2 style=\"text-align: center;\"><\/h2>\n<h2 style=\"text-align: center;\"><\/h2>\n<p>[\/vc_column_text][\/vc_column][vc_column width=&#8221;1\/4&#8243;][vc_single_image image=&#8221;694&#8243; img_size=&#8221;full&#8221;][\/vc_column][\/vc_row][\/vc_section][vc_section][vc_row][vc_column width=&#8221;1\/4&#8243;][\/vc_column][vc_column width=&#8221;1\/2&#8243;][vc_column_text]<\/p>\n<h1 style=\"text-align: center;\">Enjoyment in the beer garden<\/h1>\n<p>[\/vc_column_text][\/vc_column][vc_column width=&#8221;1\/4&#8243;][\/vc_column][\/vc_row][vc_row][vc_column width=&#8221;1\/4&#8243;][\/vc_column][vc_column width=&#8221;1\/2&#8243;][vc_column_text]<\/p>\n<p style=\"text-align: center;\">During the summer months, our cozy and partially covered beer garden invites you to linger.<\/p>\n<p style=\"text-align: center;\">Of course, in our beer garden we serve the beer specialties of the Herrnbr\u00e4u brewery, Bavarian snacks and our regional dishes.<\/p>\n<p>[\/vc_column_text][\/vc_column][vc_column width=&#8221;1\/4&#8243;][\/vc_column][\/vc_row][vc_row][vc_column][vc_empty_space height=&#8221;30px&#8221;][\/vc_column][\/vc_row][vc_row][vc_column width=&#8221;1\/4&#8243;][vc_single_image image=&#8221;564&#8243; img_size=&#8221;full&#8221;][\/vc_column][vc_column width=&#8221;1\/4&#8243;][vc_single_image image=&#8221;692&#8243; img_size=&#8221;full&#8221;][\/vc_column][vc_column width=&#8221;1\/4&#8243;][vc_single_image image=&#8221;691&#8243; img_size=&#8221;full&#8221;][\/vc_column][vc_column width=&#8221;1\/4&#8243;][vc_single_image image=&#8221;690&#8243; img_size=&#8221;full&#8221;][\/vc_column][\/vc_row][vc_row][vc_column width=&#8221;1\/4&#8243;][\/vc_column][vc_column width=&#8221;1\/4&#8243;][vc_single_image image=&#8221;697&#8243; img_size=&#8221;full&#8221;][\/vc_column][vc_column width=&#8221;1\/4&#8243;][vc_single_image image=&#8221;698&#8243; img_size=&#8221;full&#8221;][\/vc_column][vc_column width=&#8221;1\/4&#8243;][\/vc_column][\/vc_row][\/vc_section][vc_section el_class=&#8221;hintergrund-beige&#8221;][vc_row][vc_column width=&#8221;2\/3&#8243;][vc_column_text]<\/p>\n<h2>Excerpt from the menu<\/h2>\n<p>[\/vc_column_text][\/vc_column][vc_column width=&#8221;1\/3&#8243;][\/vc_column][\/vc_row][vc_row][vc_column width=&#8221;1\/3&#8243;][vc_column_text]<strong>Rich beef broth<\/strong> with various additions <\/p>\n<p><b>Seasonal wild herb salad<\/b> | Arugula | Cucumber | Tomato | Carrot | Bell pepper | Honey mustard dressing<\/p>\n<p>&nbsp;<\/p>\n<p><strong>Mushroom menu (seasonal)<\/strong><\/p>\n<p>&nbsp;<\/p>\n<p><b>Regelmannsbrunn trout fillet<\/b> | Rosemary potatoes | Seasonal vegetables | Parmesan foam | Dill oil<\/p>\n<p><b>Tagliatelle with salmon<\/b> | Seasonal vegetables | Parmesan foam | Dill oil | Sun-dried tomatoes<\/p>\n<p><strong>Crispy Chicken Burger<\/strong> | Chicken | Arugula | Tomato | Grilled Zucchini | Guacamole | Aioli | Brioche | Fries<\/p>\n<p><strong>Crispy chicken schnitzel<\/strong> | golden brown fried | seasonal garden salad or fries[\/vc_column_text][\/vc_column][vc_column width=&#8221;1\/3&#8243;][vc_column_text]<strong>Meatloaf Burger <\/strong>| Pretzel Brioche | Arugula | Crispy Bacon | R\u00f6sti Patties | Fried Egg | Dijon Mustard Dip | French Fries<\/p>\n<p><strong>Bavarian Schnitzel <\/strong>&#8220;Viennese Style&#8221; | golden brown | fries<\/p>\n<p><b>Munich-style schnitzel <\/b>| golden brown fried | horseradish | mustard | fried potatoes<\/p>\n<p><strong>Pork Cordon Bleu<\/strong> | golden brown fried | ham | cheese | potato and cucumber salad | cold cranberry sauce<\/p>\n<p><strong>Roman-style pan-fried dish<\/strong> | Pork tenderloin medallions | Creamy mushroom sauce | Sp\u00e4tzle | Seasonal vegetables | Crispy bacon | Fried onions<\/p>\n<p><strong>BBQ Spare Ribs St. Louis approx. 500g <\/strong>| BBQ Dip | Fried Onions | Coleslaw | Sweet Potato Fries<\/p>\n<p><strong>Onion roast beef<\/strong> 180g medium from grass-fed beef | Green pepper | Port wine sauce | Sp\u00e4tzle | Fried onions[\/vc_column_text][\/vc_column][vc_column width=&#8221;1\/3&#8243;][vc_column_text]<strong>Bavarian tapas<\/strong> | various culinary delights<\/p>\n<p><strong>Chili Sin Carne<\/strong> | vegan | tofu | red lentils | tomatoes | beans | corn | bell peppers | arugula | homemade bread<\/p>\n<p><b>Baked potato<\/b> | Grilled vegetables | Flamed goat cheese | Herb dip | Chives<\/p>\n<p><strong>Roman-style snack platter<\/strong> with sausage and cheese, richly garnished<\/p>\n<p><strong>Stammer Max<\/strong> \u2013 Ham sandwich with fried egg<\/p>\n<p>&nbsp;<\/p>\n<p><strong>Kaiserschmarrn<\/strong> | light and fluffy | mulled cherries | applesauce<\/p>\n<p><strong>Chocolate souffl\u00e9<\/strong> | molten center | vanilla ice cream | mulled berries<\/p>\n<p><strong>Tonka bean and vanilla parfait<\/strong> | Mulled berries | Fresh fruit[\/vc_column_text][\/vc_column][\/vc_row][vc_row][vc_column][vc_empty_space height=&#8221;30px&#8221;][\/vc_column][\/vc_row][vc_row][vc_column width=&#8221;1\/4&#8243;][vc_single_image image=&#8221;689&#8243; img_size=&#8221;full&#8221;][\/vc_column][vc_column width=&#8221;1\/4&#8243;][vc_single_image image=&#8221;688&#8243; img_size=&#8221;full&#8221;][\/vc_column][vc_column width=&#8221;1\/4&#8243;][vc_single_image image=&#8221;686&#8243; img_size=&#8221;full&#8221;][\/vc_column][vc_column width=&#8221;1\/4&#8243;][vc_single_image image=&#8221;685&#8243; img_size=&#8221;full&#8221;][\/vc_column][\/vc_row][\/vc_section][vc_section][vc_row content_placement=&#8221;middle&#8221;][vc_column width=&#8221;1\/2&#8243;][vc_column_text]<\/p>\n<h2>Enjoying beer at the R\u00f6mercastell<\/h2>\n<p>[\/vc_column_text][vc_column_text]Enjoy the beer specialties of the Herrnbr\u00e4u brewery in Ingolstadt in our inn and beer garden.<\/p>\n<p>In Ingolstadt, only 30 kilometers away, Duke Wilhelm IV proclaimed the famous &#8220;Bavarian Purity Law&#8221; in 1516.<\/p>\n<p>This is the location of the traditional Herrnbr\u00e4u brewery. For over 140 years, they have been brewing top-quality beer specialties here according to time-honored recipes and using only the finest ingredients.[\/vc_column_text][\/vc_column][vc_column width=&#8221;1\/2&#8243;][vc_single_image image=&#8221;684&#8243; img_size=&#8221;full&#8221;][\/vc_column][\/vc_row][\/vc_section][vc_section el_class=&#8221;hintergrund-light&#8221;][vc_row content_placement=&#8221;middle&#8221; el_class=&#8221;hintergrund-light&#8221;][vc_column width=&#8221;1\/2&#8243;][vc_column_text]<\/p>\n<h2>Musician-friendly inn<\/h2>\n<p>[\/vc_column_text][vc_column_text]Inns are social and convivial places where people meet, talk, discuss and make music.<\/p>\n<p>As a musician-friendly inn, playing music here \u2013 even spontaneously and without prior notice \u2013 is not only permitted but expressly encouraged. As hosts, we are happy to provide beer, drinks, and a snack for the musicians in our inn or beer garden. <\/p>\n<p>For this, we received an award from the Bavarian State Ministry for Home Affairs and Finance in November 2024 as part of the &#8220;Musician-Friendly Inn&#8221; project. The award was presented to us and the other inns by Finance and Home Affairs Minister Albert F\u00fcracker. <\/p>\n<p>Musicians: Come along and play for us!<br \/>\nWe&#8217;re looking forward to it![\/vc_column_text][\/vc_column][vc_column width=&#8221;1\/12&#8243;][\/vc_column][vc_column width=&#8221;1\/4&#8243;][vc_single_image image=&#8221;693&#8243; img_size=&#8221;full&#8221;][\/vc_column][\/vc_row][\/vc_section][vc_section el_class=&#8221;hintergrund-beige&#8221;][vc_row][vc_column width=&#8221;2\/3&#8243;][vc_column_text]<\/p>\n<h2>Celebrations at the R\u00f6mercastell<\/h2>\n<p>[\/vc_column_text][vc_column_text]Enjoy high-quality, regional cuisine in a traditional setting for your celebration or wedding. Share special moments with your guests at the R\u00f6mercastell Inn &amp; Hotel in B\u00f6hming near Kipfenberg.[\/vc_column_text][vc_btn title=&#8221;Celebrations at the R\u00f6mercastell&#8221; link=&#8221;url:https%3A%2F%2Fwww.roemer-castell.de%2Fen%2Fcelebrations%2F|title:Celebrate|&#8221;][\/vc_column][vc_column width=&#8221;1\/3&#8243;][\/vc_column][\/vc_row][\/vc_section]<\/p>\n","protected":false},"excerpt":{"rendered":"<p>[vc_section el_id=&#8221;titelbild&#8221; el_class=&#8221;overlay-v02&#8243; css=&#8221;.vc_custom_1678288596424{background-image: url(https:\/\/www.roemer-castell.de\/wp-content\/uploads\/2023\/03\/roemercastell-wirtsstube-01.jpg?id=220) !important;}&#8221;][vc_row][vc_column][\/vc_column][\/vc_row][\/vc_section][vc_section][vc_row content_placement=&#8221;middle&#8221;][vc_column width=&#8221;1\/2&#8243;][vc_column_text] Regional Delights [\/vc_column_text][vc_column_text]Welcome to our traditional R\u00f6mercastell, inn &amp; hotel in B\u00f6hming. On our menu you will find hearty snacks and fine delicacies from the Altm\u00fchl Valley to Tyrolean cuisine. Several times a year, depending on the season, we change our menu,<a class=\"moretag\" href=\"https:\/\/www.roemer-castell.de\/en\/inn\/\"> Read more<\/a><\/p>\n","protected":false},"author":1,"featured_media":0,"parent":0,"menu_order":3,"comment_status":"closed","ping_status":"closed","template":"page-templates\/template-pagebuilder-full-width.php","meta":{"footnotes":""},"tags":[],"class_list":["post-679","page","type-page","status-publish","hentry"],"_links":{"self":[{"href":"https:\/\/www.roemer-castell.de\/en\/wp-json\/wp\/v2\/pages\/679","targetHints":{"allow":["GET"]}}],"collection":[{"href":"https:\/\/www.roemer-castell.de\/en\/wp-json\/wp\/v2\/pages"}],"about":[{"href":"https:\/\/www.roemer-castell.de\/en\/wp-json\/wp\/v2\/types\/page"}],"author":[{"embeddable":true,"href":"https:\/\/www.roemer-castell.de\/en\/wp-json\/wp\/v2\/users\/1"}],"replies":[{"embeddable":true,"href":"https:\/\/www.roemer-castell.de\/en\/wp-json\/wp\/v2\/comments?post=679"}],"version-history":[{"count":11,"href":"https:\/\/www.roemer-castell.de\/en\/wp-json\/wp\/v2\/pages\/679\/revisions"}],"predecessor-version":[{"id":718,"href":"https:\/\/www.roemer-castell.de\/en\/wp-json\/wp\/v2\/pages\/679\/revisions\/718"}],"wp:attachment":[{"href":"https:\/\/www.roemer-castell.de\/en\/wp-json\/wp\/v2\/media?parent=679"}],"wp:term":[{"taxonomy":"post_tag","embeddable":true,"href":"https:\/\/www.roemer-castell.de\/en\/wp-json\/wp\/v2\/tags?post=679"}],"curies":[{"name":"wp","href":"https:\/\/api.w.org\/{rel}","templated":true}]}}