{"id":646,"date":"2022-10-17T20:54:56","date_gmt":"2022-10-17T18:54:56","guid":{"rendered":"https:\/\/www.roemer-castell.de\/home\/"},"modified":"2025-12-15T12:31:35","modified_gmt":"2025-12-15T11:31:35","slug":"home","status":"publish","type":"page","link":"https:\/\/www.roemer-castell.de\/en\/","title":{"rendered":"Home"},"content":{"rendered":"<p>[vc_section css=&#8221;.vc_custom_1689433913530{background-image: url(https:\/\/www.roemer-castell.de\/wp-content\/uploads\/2023\/07\/Front_sonne2.jpg?id=336) !important;}&#8221; el_id=&#8221;titelbild&#8221; el_class=&#8221;img-bottom minus overlay-v01&#8243;][vc_row][vc_column width=&#8221;1\/2&#8243;][vc_column_text]<\/p>\n<h2>Welcome<\/h2>\n<p>[\/vc_column_text][vc_column_text]At the R\u00f6mercastell Inn &amp; Hotel.<br \/>Located in the heart of Bavaria&#8217;s largest nature park, the Altm\u00fchl Valley near Kipfenberg.[\/vc_column_text][\/vc_column][vc_column width=&#8221;1\/2&#8243;][\/vc_column][\/vc_row][\/vc_section][vc_section][vc_row content_placement=&#8221;bottom&#8221;][vc_column width=&#8221;1\/3&#8243;][vc_single_image image=&#8221;648&#8243; img_size=&#8221;full&#8221;][\/vc_column][vc_column width=&#8221;2\/3&#8243;][vc_column_text]<\/p>\n<h2>Arrive and feel at home<\/h2>\n<p>[\/vc_column_text][vc_column_text]In the heart of Bavaria&#8217;s largest nature park, the Altm\u00fchl Valley, near Kipfenberg, you can expect a friendly and family-oriented atmosphere where you can feel comfortable and relax.<\/p>\n<p>At the R\u00f6mercastell ***s inn and hotel, traditional Bavarian style meets modern ambience, and a diverse range of offerings awaits you.<\/p>\n<p>All 27 comfortable hotel rooms are equipped with a shower and toilet, as well as a desk and television. We place great importance on ensuring that you feel at ease in our restaurant and beer garden, enjoying the cozy Bavarian atmosphere. <\/p>\n<p>Our menu ranges from Bavarian snacks to Altm\u00fchl Valley lamb specialties. Our establishment offers ample seating for numerous guests in our regionally furnished rooms and beer garden.[\/vc_column_text][\/vc_column][\/vc_row][\/vc_section][vc_section css=&#8221;.vc_custom_1668461246554{background-image: url(https:\/\/www.roemer-castell.de\/wp-content\/uploads\/2022\/10\/roemer-castell-zimmer-01-overlay-85.jpg?id=93) !important;}&#8221; el_class=&#8221;hintergrund-beige-dunkel&#8221;][vc_row content_placement=&#8221;top&#8221;][vc_column width=&#8221;1\/2&#8243;][vc_column_text]<\/p>\n<h2>Feel at home in our rooms<\/h2>\n<p>[\/vc_column_text][vc_column_text]Our comfort rooms have been completely modernized and are furnished to a high standard. You can expect a comfortable box-spring bed, and all comfort rooms have a terrace or balcony where you can relax and unwind at the end of the day.[\/vc_column_text][vc_btn title=&#8221;Discover our rooms&#8221; link=&#8221;url:https%3A%2F%2Fwww.roemer-castell.de%2Fen%2Fhotel%2F|title:Hotel|&#8221;][\/vc_column][vc_column width=&#8221;1\/12&#8243;][\/vc_column][vc_column width=&#8221;4\/12&#8243;][vc_raw_html]PGRpdiBpZD0iZDIxLXF1aWNrYm9vayIvPg==[\/vc_raw_html][\/vc_column][vc_column width=&#8221;1\/12&#8243;][\/vc_column][\/vc_row][\/vc_section][vc_section][vc_row][vc_column width=&#8221;2\/3&#8243;][vc_column_text]<\/p>\n<h2>Enjoy the Altm\u00fchl Valley<\/h2>\n<p>[\/vc_column_text][vc_column_text]Discover even more highlights here in the beautiful Altm\u00fchl Valley. Relax amidst the greenery and enjoy nature. <\/p>\n<p>The R\u00f6mercastell and the village of B\u00f6hming offer the ideal starting point for hikes, bike tours and many other activities in the Altm\u00fchl valley.[\/vc_column_text][vc_empty_space height=&#8221;50px&#8221;][\/vc_column][vc_column width=&#8221;1\/3&#8243;][\/vc_column][\/vc_row][vc_row][vc_column width=&#8221;1\/3&#8243;][vc_single_image image=&#8221;662&#8243; img_size=&#8221;full&#8221;][vc_column_text]<\/p>\n<h3>Beautiful nature<\/h3>\n<p>[\/vc_column_text][vc_column_text]Enjoy a unique view of the Altm\u00fchl valley and the surrounding nature directly from your room.[\/vc_column_text][\/vc_column][vc_column width=&#8221;1\/3&#8243;][vc_single_image image=&#8221;663&#8243; img_size=&#8221;full&#8221;][vc_column_text]<\/p>\n<h3>Active in nature<\/h3>\n<p>[\/vc_column_text][vc_column_text]The immediate surroundings of the Roman fort offer countless opportunities to be active in nature, including boating on the Altm\u00fchl river.[\/vc_column_text][\/vc_column][vc_column width=&#8221;1\/3&#8243;][vc_single_image image=&#8221;671&#8243; img_size=&#8221;full&#8221;][vc_column_text]<\/p>\n<h3>Discover Roman times<\/h3>\n<p>[\/vc_column_text][vc_column_text]Embark on a journey to discover the Romans in the Altm\u00fchl Valley. There is much to explore along the Limes (Roman frontier).[\/vc_column_text][\/vc_column][\/vc_row][vc_row][vc_column width=&#8221;1\/2&#8243;][vc_btn title=&#8221;Learn more about the surroundings&#8221; link=&#8221;url:https%3A%2F%2Fwww.roemer-castell.de%2Fumgebung%2F|title:Hotel|&#8221;][\/vc_column][vc_column width=&#8221;1\/2&#8243;][\/vc_column][\/vc_row][\/vc_section][vc_section el_class=&#8221;hintergrund-beige-dunkel&#8221;][vc_row][vc_column width=&#8221;2\/3&#8243;][vc_column_text]<\/p>\n<h2>Do you have any questions or would you like to book a room?<\/h2>\n<p>[\/vc_column_text][vc_column_text]Inquire with us now!<br \/>\nWe look forward to hearing from you.[\/vc_column_text][\/vc_column][vc_column width=&#8221;1\/3&#8243;][\/vc_column][\/vc_row][\/vc_section][vc_section][vc_row content_placement=&#8221;bottom&#8221;][vc_column width=&#8221;1\/2&#8243;][vc_single_image image=&#8221;661&#8243; img_size=&#8221;full&#8221;][\/vc_column][vc_column width=&#8221;1\/2&#8243;][vc_column_text]<\/p>\n<h3>Your hosts<br \/>\nMarion &amp; Stefan Weber<\/h3>\n<p>[\/vc_column_text][\/vc_column][\/vc_row][vc_row][vc_column width=&#8221;1\/2&#8243;][\/vc_column][vc_column width=&#8221;1\/2&#8243;][vc_column_text]Our team looks forward to welcoming you to R\u00f6mercastell. Enjoy your stay as a hotel guest in our historic establishment and let our cuisine pamper you.[\/vc_column_text][\/vc_column][\/vc_row][\/vc_section][vc_section disable_element=&#8221;yes&#8221; css=&#8221;.vc_custom_1737409005510{margin-top: 0px !important;margin-bottom: 0px !important;padding-top: 0px !important;padding-bottom: 0px !important;}&#8221;][vc_row css=&#8221;.vc_custom_1700662603392{margin-top: 0px !important;margin-bottom: 0px !important;padding-top: 0px !important;padding-bottom: 0px !important;}&#8221;][vc_column][vc_raw_html]PCEtLSAtLS0tLS0tLS0tLS0tIE5PVElGSUNBVElPTiAtLS0tLS0tLS0tLS0tIC0tPgoJCgk8ZGl2IGlkPSJub3RpZmljYXRpb24iPgoJCQkKCQk8ZGl2IGNsYXNzPSJub3RpZmljYXRpb24tYmFubmVyIj4KCgkJCTxkaXYgY2xhc3M9Im5vdGlmaWNhdGlvbi1ib3giPgoKCQkJPGgzPkV2ZW50cyBhdCB0aGUgUsO2bWVyY2FzdGVsbDwvaDM+Cgo8cD4KQsO2aG1pbmdlciBOaWdodCBvZiBEYW5jZXJzCkZyaWRheTxicj5KYW51YXJ5IDMxLCAyMDI1CjwvcD4KCjxwPgo8YSBocmVmPSJodHRwczovL3d3dy5yb2VtZXItY2FzdGVsbC5kZS9lbi9ldmVudHMvIj5Nb3JlIGluZm8gJmFtcDsgdGlja2V0czwvYT4KPC9wPgoJCQkJCQkJCQoJCQk8L2Rpdj4KCQkJCgkJPHNwYW4gaWQ9Im5vdGlmaWNhdGlvbkNsb3NlciIgb25jbGljaz0iZG9jdW1lbnQuY29va2llID0gJ25vdGlmaWNhdGlvbj0xO3BhdGg9Lyc7alF1ZXJ5KCcjbm90aWZpY2F0aW9uJykuc2xpZGVVcCgpIj5YPC9zcGFuPgoKCQk8L2Rpdj4KCgk8L2Rpdj4KCgk8c2NyaXB0PgoJCWlmKGRvY3VtZW50LmNvb2tpZS5pbmRleE9mKCdub3RpZmljYXRpb249MScpICE9IC0xKXsKCQkJalF1ZXJ5KCcjbm90aWZpY2F0aW9uJykuaGlkZSgpOwoJCX0KCgkJZWxzZXsKCQkJalF1ZXJ5KCcjbm90aWZpY2F0aW9uJykucHJlcGVuZFRvKCdib2R5Jyk7CgkJCWpRdWVyeSgnI25vdGlmaWNhdGlvbkNsb3NlcicpLnNob3coKTsKCQl9Cgk8L3NjcmlwdD4=[\/vc_raw_html][\/vc_column][\/vc_row][\/vc_section][vc_section el_class=&#8221;hintergrund-light&#8221;][vc_row content_placement=&#8221;bottom&#8221;][vc_column width=&#8221;1\/2&#8243;][vc_column_text]<\/p>\n<h3>&#8220;Playing music in Bavarian inns is a living expression of local culture.&#8221;<\/h3>\n<p>[\/vc_column_text][\/vc_column][vc_column width=&#8221;1\/2&#8243;][vc_single_image image=&#8221;670&#8243; img_size=&#8221;full&#8221;][\/vc_column][\/vc_row][vc_row][vc_column width=&#8221;1\/2&#8243;][vc_column_text]<strong>We are one of only 25 inns to have received the &#8220;Musician-Friendly Inn&#8221; award.<\/strong><\/p>\n<p>\u201cYou can not only taste, feel, see, and smell home, but also hear it! Music is a cultural asset that shapes identity and is simply part of Bavarian pub culture. To preserve this tradition, the \u2018Musician-Friendly Pub\u2019 project was launched 28 years ago. Well over 500 Bavarian pubs have received the award since then \u2013 and another 25 will be added this year,\u201d said Finance and Home Affairs Minister Albert F\u00fcracker with delight at the \u201cMusician-Friendly Pub\u201d award ceremony on November 19, 2024, in Wolnzach.<\/p>\n<p>\u201cFolk music is of great importance in society. It is by the people, for the people, and accessible to everyone. Music brings people together: regardless of location, age group, or background. A heartfelt thank you to the innkeepers honored today. They combine the outstanding quality of Bavarian inns with local musical traditions! My thanks also go to the \u2018Musician-Friendly Inn\u2019 working group for their many years of dedication!\u201d said F\u00fcracker.[\/vc_column_text][\/vc_column][vc_column width=&#8221;1\/2&#8243;][vc_column_text]With this plaque, we show our guests that spontaneous and unannounced singing and playing music is not only possible and permitted, but also encouraged. As a restaurant, we provide snacks and drinks for the musicians. <\/p>\n<p>The &#8220;Musician-Friendly Inn&#8221; project was launched in 1996 by the Upper Palatinate and Lower Bavaria districts, the Bavarian State Association for Local Heritage Preservation, and the Bavarian Hotel and Restaurant Association (DEHOGA Bayern). Since then, well over 500 inns from all Bavarian districts have received the award. Since 2019, the award has also been supported by the Bavarian Ministry of Home Affairs.[\/vc_column_text][\/vc_column][\/vc_row][\/vc_section][vc_section][vc_row content_placement=&#8221;bottom&#8221;][vc_column width=&#8221;1\/2&#8243;][vc_column_text]<\/p>\n<h3>*** Superior classification received for the R\u00f6mercastell<\/h3>\n<p>[\/vc_column_text][\/vc_column][vc_column width=&#8221;1\/2&#8243;][vc_single_image image=&#8221;665&#8243; img_size=&#8221;full&#8221;][\/vc_column][\/vc_row][vc_row][vc_column width=&#8221;1\/2&#8243;][vc_column_text]Bavaria&#8217;s Minister of Economic Affairs Hubert Aiwanger and Angela Inselkammer, President of the Bavarian Hotel and Restaurant Association DEHOGA Bayern, today awarded star classifications to 48 hotels, guesthouses, inns and pensions in the Free State in Munich.<\/p>\n<p><strong>Our R\u00f6mercastell Inn &amp; Hotel in B\u00f6hming was awarded a prize by the German Hotel Classification on May 22, 2023.<\/strong> Owners Stefan and Marion Weber accepted the classification certificate.<\/p>\n<p><span><span class=\"Apple-converted-space\"> <\/span><\/span>In her welcoming address, Inselkammer emphasized: \u201cThese qualified companies make a significant contribution to preserving what is arguably the world\u2019s most beautiful industry and, in addition to meeting the high legal requirements, undertake further training. For me, this is a welcome sign that we don\u2019t need ever more laws and regulations, but rather that entrepreneurs can act responsibly. I am proud of the companies honored today and their outstanding dedication to our industry \u2013 this is anything but a given.\u201d<span class=\"Apple-converted-space\"> <\/span><\/p>\n<p>Bavarian Minister of Economic Affairs Hubert Aiwanger: \u201cThe stars in the Bavarian tourism sky are shining particularly brightly again today. The Bavarian hospitality industry is once again demonstrating that there is something to suit every taste and budget in every region of Bavaria. Anyone booking a hotel room with us can rely on the high quality of the accommodations. Bavaria stands for quality tourism. That&#8217;s why I&#8217;m delighted that we can recognize 47 hotels and one inn today.\u201d[\/vc_column_text][\/vc_column][vc_column width=&#8221;1\/2&#8243;][vc_column_text]As part of the German Hotel Classification, 47 establishments received classification certificates. The highest demand was in the three-star category with 24 certified hotels, followed by the four-star category with 19 certified hotels. In addition, one one-star hotel, two two-star hotels, and one five-star hotel were awarded. In the category for guesthouses, inns, and bed and breakfasts, one establishment was classified as a three-star establishment.   <span class=\"Apple-converted-space\"> <\/span><\/p>\n<p>The German Hotel Classification, with its five different categories \u2013 one to five stars \u2013 was developed and introduced in 1996 by the industry association DEHOGA, largely at the initiative of Bavaria. In 2005, the quality system was expanded to include the G-Classification for inns, guesthouses, and bed and breakfasts. The stars awarded in both classification systems are valid for a period of three years. In Bavaria, the assessments are carried out by BTG Bayern Tourist GmbH, a subsidiary of the Bavarian Hotel and Restaurant Association.   <span class=\"Apple-converted-space\"> <\/span><\/p>\n<p>The Bavarian Hotel and Restaurant Association (DEHOGA Bayern) conducts on-site inspections of all establishments to be classified. <span class=\"Apple-converted-space\"> <\/span>[\/vc_column_text][\/vc_column][\/vc_row][\/vc_section]<\/p>\n","protected":false},"excerpt":{"rendered":"<p>[vc_section css=&#8221;.vc_custom_1689433913530{background-image: url(https:\/\/www.roemer-castell.de\/wp-content\/uploads\/2023\/07\/Front_sonne2.jpg?id=336) !important;}&#8221; el_id=&#8221;titelbild&#8221; el_class=&#8221;img-bottom minus overlay-v01&#8243;][vc_row][vc_column width=&#8221;1\/2&#8243;][vc_column_text] Welcome [\/vc_column_text][vc_column_text]At the R\u00f6mercastell Inn &amp; Hotel.Located in the heart of Bavaria&#8217;s largest nature park, the Altm\u00fchl Valley near Kipfenberg.[\/vc_column_text][\/vc_column][vc_column width=&#8221;1\/2&#8243;][\/vc_column][\/vc_row][\/vc_section][vc_section][vc_row content_placement=&#8221;bottom&#8221;][vc_column width=&#8221;1\/3&#8243;][vc_single_image image=&#8221;648&#8243; img_size=&#8221;full&#8221;][\/vc_column][vc_column width=&#8221;2\/3&#8243;][vc_column_text] Arrive and feel at home [\/vc_column_text][vc_column_text]In the heart of Bavaria&#8217;s largest nature park, the Altm\u00fchl<a class=\"moretag\" href=\"https:\/\/www.roemer-castell.de\/en\/\"> Read more<\/a><\/p>\n","protected":false},"author":1,"featured_media":0,"parent":0,"menu_order":1,"comment_status":"closed","ping_status":"closed","template":"page-templates\/template-pagebuilder-full-width.php","meta":{"footnotes":""},"tags":[],"class_list":["post-646","page","type-page","status-publish","hentry"],"_links":{"self":[{"href":"https:\/\/www.roemer-castell.de\/en\/wp-json\/wp\/v2\/pages\/646","targetHints":{"allow":["GET"]}}],"collection":[{"href":"https:\/\/www.roemer-castell.de\/en\/wp-json\/wp\/v2\/pages"}],"about":[{"href":"https:\/\/www.roemer-castell.de\/en\/wp-json\/wp\/v2\/types\/page"}],"author":[{"embeddable":true,"href":"https:\/\/www.roemer-castell.de\/en\/wp-json\/wp\/v2\/users\/1"}],"replies":[{"embeddable":true,"href":"https:\/\/www.roemer-castell.de\/en\/wp-json\/wp\/v2\/comments?post=646"}],"version-history":[{"count":7,"href":"https:\/\/www.roemer-castell.de\/en\/wp-json\/wp\/v2\/pages\/646\/revisions"}],"predecessor-version":[{"id":678,"href":"https:\/\/www.roemer-castell.de\/en\/wp-json\/wp\/v2\/pages\/646\/revisions\/678"}],"wp:attachment":[{"href":"https:\/\/www.roemer-castell.de\/en\/wp-json\/wp\/v2\/media?parent=646"}],"wp:term":[{"taxonomy":"post_tag","embeddable":true,"href":"https:\/\/www.roemer-castell.de\/en\/wp-json\/wp\/v2\/tags?post=646"}],"curies":[{"name":"wp","href":"https:\/\/api.w.org\/{rel}","templated":true}]}}