{"id":628,"date":"2022-10-20T22:56:27","date_gmt":"2022-10-20T20:56:27","guid":{"rendered":"https:\/\/www.roemer-castell.de\/hotel\/"},"modified":"2025-12-15T12:18:19","modified_gmt":"2025-12-15T11:18:19","slug":"hotel","status":"publish","type":"page","link":"https:\/\/www.roemer-castell.de\/en\/hotel\/","title":{"rendered":"Hotel"},"content":{"rendered":"<p>[vc_section css=&#8221;.vc_custom_1678290615890{background-image: url(https:\/\/www.roemer-castell.de\/wp-content\/uploads\/2022\/10\/roemer-castell-zimmer-01.jpg?id=55) !important;}&#8221; el_id=&#8221;titelbild&#8221; el_class=&#8221;overlay-v02&#8243;][vc_row][vc_column][\/vc_column][\/vc_row][\/vc_section][vc_section][vc_row][vc_column width=&#8221;2\/3&#8243;][vc_column_text]<\/p>\n<h2>Sleeping &amp; Living in the R\u00f6mercastell<\/h2>\n<p>[\/vc_column_text][\/vc_column][vc_column width=&#8221;1\/3&#8243;][\/vc_column][\/vc_row][vc_row][vc_column width=&#8221;1\/2&#8243;][vc_column_text]<strong>Enjoy your stay at the historic R\u00f6mercastell in B\u00f6hming.<\/strong><\/p>\n<p>Arrive in the Altm\u00fchl Valley and feel at home in one of our rooms. Surrounded by beautiful nature, the comfortable rooms invite you to relax. <\/p>\n<p>The comfortable rooms with balcony or terrace are newly renovated and equipped with a new bathroom with shower and toilet, as well as a desk, television and refrigerator.<\/p>\n<p>A large bicycle storage room with charging facilities is available for cyclists.<\/p>\n<p>There is a large parking lot for our guests&#8217; vehicles directly next to the hotel.<\/p>\n<p>The reception is staffed daily from 7:00 am to 10:00 pm.[\/vc_column_text][\/vc_column][vc_column width=&#8221;1\/2&#8243;][\/vc_column][\/vc_row][\/vc_section][vc_section el_class=&#8221;hintergrund-light&#8221;][vc_row][vc_column width=&#8221;2\/3&#8243;][vc_column_text]<\/p>\n<h2>Overview of our rooms<\/h2>\n<p>[\/vc_column_text][vc_empty_space height=&#8221;30px&#8221;][\/vc_column][vc_column width=&#8221;1\/3&#8243;][\/vc_column][\/vc_row][vc_row equal_height=&#8221;yes&#8221; el_class=&#8221;zimmer&#8221;][vc_column width=&#8221;2\/3&#8243;][vc_single_image image=&#8221;640&#8243; img_size=&#8221;full&#8221; css=&#8221;.vc_custom_1679991937818{margin-bottom: 0px !important;}&#8221;][\/vc_column][vc_column width=&#8221;1\/3&#8243;][vc_column_text]<\/p>\n<h2>Comfort<br \/>\nDouble Room<\/h2>\n<p>[\/vc_column_text][vc_column_text]Cozy and modernly furnished double rooms with double bed (180 x 200 cm) with balcony or terrace to the garden with a view of the Roman fort in B\u00f6hming and the nature of the Altm\u00fchl valley.[\/vc_column_text][vc_column_text]<\/p>\n<h3>from \u20ac118<\/h3>\n<p>[\/vc_column_text][vc_column_text]per room &amp; night<br \/>\nincluding breakfast[\/vc_column_text][\/vc_column][\/vc_row][vc_row][vc_column][vc_empty_space height=&#8221;30px&#8221;][\/vc_column][\/vc_row][vc_row equal_height=&#8221;yes&#8221; el_class=&#8221;zimmer&#8221;][vc_column width=&#8221;1\/3&#8243;][vc_column_text]<\/p>\n<h2>Family room<\/h2>\n<p>[\/vc_column_text][vc_column_text]Cozy and modern family rooms with a double bed (200 x 200 cm) and a single bed (90 x 200 cm).<\/p>\n<p>For families with 3 people, we alternatively offer a double room with an extra bed; for families with 4 people, the family room can be booked as described with an additional extra bed.[\/vc_column_text][vc_column_text]<\/p>\n<h3>from \u20ac148<\/h3>\n<p>[\/vc_column_text][vc_column_text]per room &amp; night for 4 people<br \/>\nincluding breakfast[\/vc_column_text][\/vc_column][vc_column width=&#8221;2\/3&#8243;][vc_single_image image=&#8221;641&#8243; img_size=&#8221;full&#8221; css=&#8221;.vc_custom_1679991945169{margin-bottom: 0px !important;}&#8221;][\/vc_column][\/vc_row][vc_row][vc_column][vc_empty_space height=&#8221;30px&#8221;][\/vc_column][\/vc_row][vc_row equal_height=&#8221;yes&#8221; el_class=&#8221;zimmer&#8221;][vc_column width=&#8221;2\/3&#8243;][vc_single_image image=&#8221;639&#8243; img_size=&#8221;full&#8221; css=&#8221;.vc_custom_1692278146686{margin-bottom: 0px !important;}&#8221;][\/vc_column][vc_column width=&#8221;1\/3&#8243;][vc_column_text]<\/p>\n<h2>Family<br \/>\napartment<\/h2>\n<p>[\/vc_column_text][vc_column_text]This spacious family apartment is ideally suited for families. Modernly and comfortably furnished, it features a small kitchenette and offers the perfect stay for families of up to 8 people. <\/p>\n<p>The apartment is equipped with a double bed (200 x 200 cm), single beds and a double sofa bed, offering variable options for your stay.<\/p>\n<p>Please send inquiries by phone or email to info@roemer-castell.de[\/vc_column_text][vc_column_text]<\/p>\n<h3>from \u20ac158<\/h3>\n<p>[\/vc_column_text][vc_column_text]per room &amp; night for 4 people<br \/>\nincluding breakfast[\/vc_column_text][\/vc_column][\/vc_row][vc_row][vc_column][vc_empty_space height=&#8221;30px&#8221;][\/vc_column][\/vc_row][vc_row equal_height=&#8221;yes&#8221; el_class=&#8221;zimmer&#8221;][vc_column width=&#8221;1\/3&#8243;][vc_column_text]<\/p>\n<h2>Standard room<\/h2>\n<p>[\/vc_column_text][vc_column_text]The standard rooms are located on the first floor of our main building. These rooms are particularly popular with hikers, cyclists, and tradespeople for short-term stays. Bed size: 90 x 200 cm. These rooms do not have a balcony or a refrigerator.[\/vc_column_text][vc_column_text]<\/p>\n<h3>Standard double room<br \/>\nfrom \u20ac98<\/h3>\n<p>[\/vc_column_text][vc_column_text]<\/p>\n<h3>Standard single room<br \/>\nfrom \u20ac60<\/h3>\n<p>[\/vc_column_text][vc_column_text]per room &amp; night<br \/>\nincluding breakfast[\/vc_column_text][\/vc_column][vc_column width=&#8221;2\/3&#8243;][vc_single_image image=&#8221;642&#8243; img_size=&#8221;full&#8221; css=&#8221;.vc_custom_1679991952406{margin-bottom: 0px !important;}&#8221;][\/vc_column][\/vc_row][\/vc_section][vc_section][vc_row][vc_column width=&#8221;2\/3&#8243;][vc_column_text]<\/p>\n<h2>High-quality furnishings in our rooms<\/h2>\n<p>[\/vc_column_text][\/vc_column][vc_column width=&#8221;1\/3&#8243;][\/vc_column][\/vc_row][vc_row][vc_column width=&#8221;1\/3&#8243;][vc_single_image image=&#8221;637&#8243; img_size=&#8221;full&#8221;][vc_column_text]The comfort rooms were renovated in 2022 and are all furnished to 3-star standards. Our rooms feature plenty of wood and warm colors.[\/vc_column_text][\/vc_column][vc_column width=&#8221;1\/3&#8243;][vc_single_image image=&#8221;638&#8243; img_size=&#8221;full&#8221;][vc_column_text]All new rooms also feature a spacious bathroom with a generous shower.[\/vc_column_text][\/vc_column][vc_column width=&#8221;1\/3&#8243;][vc_single_image image=&#8221;636&#8243; img_size=&#8221;full&#8221;][vc_column_text]Upon arrival in your room, refresh yourself with one of the selected beers from the Herrenbr\u00e4u brewery or with a glass of chilled water.[\/vc_column_text][\/vc_column][\/vc_row][\/vc_section][vc_section el_class=&#8221;hintergrund-light&#8221;][vc_row][vc_column width=&#8221;2\/3&#8243;][vc_column_text]<\/p>\n<h2>For a good start to the day<\/h2>\n<p>[\/vc_column_text][\/vc_column][vc_column width=&#8221;1\/3&#8243;][\/vc_column][\/vc_row][vc_row][vc_column width=&#8221;1\/3&#8243;][vc_single_image image=&#8221;630&#8243; img_size=&#8221;full&#8221;][vc_column_text]For early risers and late sleepers &#8211; we offer our overnight guests our breakfast buffet daily from 7:00 to 10:00 am, also available on the breakfast terrace with a magnificent view of the Altm\u00fchl valley.[\/vc_column_text][\/vc_column][vc_column width=&#8221;1\/3&#8243;][vc_single_image image=&#8221;631&#8243; img_size=&#8221;full&#8221;][vc_column_text]Our extensive breakfast buffet offers our guests many fresh and regional products for a balanced and healthy start to the day.[\/vc_column_text][\/vc_column][vc_column width=&#8221;1\/3&#8243;][vc_single_image image=&#8221;635&#8243; img_size=&#8221;full&#8221;][vc_column_text]Enjoy the unobstructed view of nature during your breakfast in summer and start your day on our breakfast terrace.[\/vc_column_text][\/vc_column][\/vc_row][\/vc_section][vc_section el_id=&#8221;#buchen&#8221;][vc_row][vc_column width=&#8221;1\/3&#8243;][\/vc_column][vc_column width=&#8221;1\/3&#8243;][vc_raw_html]PGRpdiBpZD0iZDIxLXF1aWNrYm9vayIvPg==[\/vc_raw_html][\/vc_column][vc_column width=&#8221;1\/3&#8243;][\/vc_column][\/vc_row][\/vc_section][vc_section][vc_row][vc_column width=&#8221;1\/3&#8243;][\/vc_column][vc_column width=&#8221;1\/3&#8243;][vc_raw_html]PGlmcmFtZSBzcmM9Imh0dHBzOi8vaG90ZWxjbGFzcy5pbmZvL3dsL2RhZjg1N2VmLTU4YWItNGRlOS1iNmI1LTc4Y2QyYTMxMTViYT9sYW5nPWRlIiB3aWR0aD0iNDAwIiBoZWlnaHQ9IjE1MSIgYWxpZ249ImxlZnQiIHNjcm9sbGluZz0ibm8iIG1hcmdpbmhlaWdodD0iMCIgbWFyZ2lud2lkdGg9IjAiIGZyYW1lYm9yZGVyPSIwIj48L2lmcmFtZT4=[\/vc_raw_html][\/vc_column][vc_column width=&#8221;1\/3&#8243;][\/vc_column][\/vc_row][\/vc_section]<\/p>\n","protected":false},"excerpt":{"rendered":"<p>[vc_section css=&#8221;.vc_custom_1678290615890{background-image: url(https:\/\/www.roemer-castell.de\/wp-content\/uploads\/2022\/10\/roemer-castell-zimmer-01.jpg?id=55) !important;}&#8221; el_id=&#8221;titelbild&#8221; el_class=&#8221;overlay-v02&#8243;][vc_row][vc_column][\/vc_column][\/vc_row][\/vc_section][vc_section][vc_row][vc_column width=&#8221;2\/3&#8243;][vc_column_text] Sleeping &amp; Living in the R\u00f6mercastell [\/vc_column_text][\/vc_column][vc_column width=&#8221;1\/3&#8243;][\/vc_column][\/vc_row][vc_row][vc_column width=&#8221;1\/2&#8243;][vc_column_text]Enjoy your stay at the historic R\u00f6mercastell in B\u00f6hming. Arrive in the Altm\u00fchl Valley and feel at home in one of our rooms. Surrounded by beautiful nature, the comfortable rooms invite you to relax. The<a class=\"moretag\" href=\"https:\/\/www.roemer-castell.de\/en\/hotel\/\"> Read more<\/a><\/p>\n","protected":false},"author":1,"featured_media":0,"parent":0,"menu_order":1,"comment_status":"closed","ping_status":"closed","template":"page-templates\/template-pagebuilder-full-width.php","meta":{"footnotes":""},"tags":[],"class_list":["post-628","page","type-page","status-publish","hentry"],"_links":{"self":[{"href":"https:\/\/www.roemer-castell.de\/en\/wp-json\/wp\/v2\/pages\/628","targetHints":{"allow":["GET"]}}],"collection":[{"href":"https:\/\/www.roemer-castell.de\/en\/wp-json\/wp\/v2\/pages"}],"about":[{"href":"https:\/\/www.roemer-castell.de\/en\/wp-json\/wp\/v2\/types\/page"}],"author":[{"embeddable":true,"href":"https:\/\/www.roemer-castell.de\/en\/wp-json\/wp\/v2\/users\/1"}],"replies":[{"embeddable":true,"href":"https:\/\/www.roemer-castell.de\/en\/wp-json\/wp\/v2\/comments?post=628"}],"version-history":[{"count":3,"href":"https:\/\/www.roemer-castell.de\/en\/wp-json\/wp\/v2\/pages\/628\/revisions"}],"predecessor-version":[{"id":645,"href":"https:\/\/www.roemer-castell.de\/en\/wp-json\/wp\/v2\/pages\/628\/revisions\/645"}],"wp:attachment":[{"href":"https:\/\/www.roemer-castell.de\/en\/wp-json\/wp\/v2\/media?parent=628"}],"wp:term":[{"taxonomy":"post_tag","embeddable":true,"href":"https:\/\/www.roemer-castell.de\/en\/wp-json\/wp\/v2\/tags?post=628"}],"curies":[{"name":"wp","href":"https:\/\/api.w.org\/{rel}","templated":true}]}}