{"id":614,"date":"2023-08-22T09:03:32","date_gmt":"2023-08-22T07:03:32","guid":{"rendered":"https:\/\/www.roemer-castell.de\/conference\/"},"modified":"2025-12-15T12:01:53","modified_gmt":"2025-12-15T11:01:53","slug":"conference","status":"publish","type":"page","link":"https:\/\/www.roemer-castell.de\/en\/conference\/","title":{"rendered":"Conference"},"content":{"rendered":"<p>[vc_section css=&#8221;.vc_custom_1692687536921{background-image: url(https:\/\/www.roemer-castell.de\/wp-content\/uploads\/2023\/08\/roemercastell-tagung-01.jpg?id=370) !important;}&#8221; el_id=&#8221;titelbild&#8221; el_class=&#8221;overlay-v02&#8243;][vc_row][vc_column][\/vc_column][\/vc_row][\/vc_section][vc_section][vc_row][vc_column width=&#8221;1\/2&#8243;][vc_column_text]<\/p>\n<h1>Successful Conferences in the Altm\u00fchl Valley<\/h1>\n<p>[\/vc_column_text][\/vc_column][vc_column width=&#8221;1\/2&#8243;][\/vc_column][\/vc_row][vc_row][vc_column width=&#8221;1\/2&#8243;][vc_column_text]A successful conference or seminar requires a suitable space.<\/p>\n<p>Located in the heart of the Altm\u00fchl Valley, in tranquil B\u00f6hming, the R\u00f6mercastell offers the perfect setting for your event with a variety of conference options.[\/vc_column_text][\/vc_column][vc_column width=&#8221;1\/2&#8243;][vc_column_text]Depending on the seating arrangement, our new hall can accommodate up to 100 people.<\/p>\n<p><a href=\"https:\/\/www.roemer-castell.de\/en\/inquiries\/\"><strong>Request a non-binding offer now!<\/strong><\/a>[\/vc_column_text][\/vc_column][\/vc_row][\/vc_section][vc_section el_class=&#8221;hintergrund-beige&#8221;][vc_row][vc_column width=&#8221;1\/4&#8243;][\/vc_column][vc_column width=&#8221;1\/2&#8243;][vc_column_text]<\/p>\n<h2 style=\"text-align: center;\">We look forward to seeing you!<\/h2>\n<p>[\/vc_column_text][\/vc_column][vc_column width=&#8221;1\/4&#8243;][\/vc_column][\/vc_row][vc_row][vc_column width=&#8221;1\/4&#8243;][\/vc_column][vc_column width=&#8221;1\/2&#8243;][vc_column_text]<\/p>\n<p style=\"text-align: center;\">With our conference offers, regional cuisine, and numerous leisure activity options, we are ideally equipped for your conference.<\/p>\n<p>[\/vc_column_text][\/vc_column][vc_column width=&#8221;1\/4&#8243;][\/vc_column][\/vc_row][\/vc_section]<\/p>\n","protected":false},"excerpt":{"rendered":"<p>[vc_section css=&#8221;.vc_custom_1692687536921{background-image: url(https:\/\/www.roemer-castell.de\/wp-content\/uploads\/2023\/08\/roemercastell-tagung-01.jpg?id=370) !important;}&#8221; el_id=&#8221;titelbild&#8221; el_class=&#8221;overlay-v02&#8243;][vc_row][vc_column][\/vc_column][\/vc_row][\/vc_section][vc_section][vc_row][vc_column width=&#8221;1\/2&#8243;][vc_column_text] Successful Conferences in the Altm\u00fchl Valley [\/vc_column_text][\/vc_column][vc_column width=&#8221;1\/2&#8243;][\/vc_column][\/vc_row][vc_row][vc_column width=&#8221;1\/2&#8243;][vc_column_text]A successful conference or seminar requires a suitable space. Located in the heart of the Altm\u00fchl Valley, in tranquil B\u00f6hming, the R\u00f6mercastell offers the perfect setting for your event with a variety of conference options.[\/vc_column_text][\/vc_column][vc_column<a class=\"moretag\" href=\"https:\/\/www.roemer-castell.de\/en\/conference\/\"> Read more<\/a><\/p>\n","protected":false},"author":1,"featured_media":0,"parent":0,"menu_order":0,"comment_status":"closed","ping_status":"closed","template":"page-templates\/template-pagebuilder-full-width.php","meta":{"footnotes":""},"tags":[],"class_list":["post-614","page","type-page","status-publish","hentry"],"_links":{"self":[{"href":"https:\/\/www.roemer-castell.de\/en\/wp-json\/wp\/v2\/pages\/614","targetHints":{"allow":["GET"]}}],"collection":[{"href":"https:\/\/www.roemer-castell.de\/en\/wp-json\/wp\/v2\/pages"}],"about":[{"href":"https:\/\/www.roemer-castell.de\/en\/wp-json\/wp\/v2\/types\/page"}],"author":[{"embeddable":true,"href":"https:\/\/www.roemer-castell.de\/en\/wp-json\/wp\/v2\/users\/1"}],"replies":[{"embeddable":true,"href":"https:\/\/www.roemer-castell.de\/en\/wp-json\/wp\/v2\/comments?post=614"}],"version-history":[{"count":2,"href":"https:\/\/www.roemer-castell.de\/en\/wp-json\/wp\/v2\/pages\/614\/revisions"}],"predecessor-version":[{"id":617,"href":"https:\/\/www.roemer-castell.de\/en\/wp-json\/wp\/v2\/pages\/614\/revisions\/617"}],"wp:attachment":[{"href":"https:\/\/www.roemer-castell.de\/en\/wp-json\/wp\/v2\/media?parent=614"}],"wp:term":[{"taxonomy":"post_tag","embeddable":true,"href":"https:\/\/www.roemer-castell.de\/en\/wp-json\/wp\/v2\/tags?post=614"}],"curies":[{"name":"wp","href":"https:\/\/api.w.org\/{rel}","templated":true}]}}