{"id":565,"date":"2025-12-01T11:43:57","date_gmt":"2025-12-01T10:43:57","guid":{"rendered":"https:\/\/www.roemer-castell.de\/directions\/"},"modified":"2026-01-15T09:31:56","modified_gmt":"2026-01-15T08:31:56","slug":"directions","status":"publish","type":"page","link":"https:\/\/www.roemer-castell.de\/en\/directions\/","title":{"rendered":"Directions"},"content":{"rendered":"<p>[vc_section css=&#8221;.vc_custom_1764586090900{background-image: url(https:\/\/www.roemer-castell.de\/wp-content\/uploads\/2022\/11\/roemercastell-zeichnung.jpg?id=179) !important;}&#8221; el_id=&#8221;titelbild&#8221; el_class=&#8221;overlay-v02&#8243;][vc_row][vc_column][\/vc_column][\/vc_row][\/vc_section][vc_section][vc_row][vc_column width=&#8221;1\/2&#8243;][vc_column_text]<\/p>\n<h1>Contact and Directions<\/h1>\n<p>[\/vc_column_text][\/vc_column][vc_column width=&#8221;1\/2&#8243;][\/vc_column][\/vc_row][vc_row][vc_column width=&#8221;3\/4&#8243;][vc_column_text]<iframe width=\"1200\" height=\"450\" style=\"border: 0;\" src=\"https:\/\/www.google.com\/maps\/embed?pb=!1m18!1m12!1m3!1d2620.3794265404645!2d11.362959177457626!3d48.946260694517505!2m3!1f0!2f0!3f0!3m2!1i1024!2i768!4f13.1!3m3!1m2!1s0x479f0538a72bcae1%3A0x1196ad9fce1444ea!2sWirtsstra%C3%9Fe%209%2C%2085110%20Kipfenberg!5e0!3m2!1sde!2sde!4v1764586863322!5m2!1sde!2sde\" allowfullscreen=\"allowfullscreen\" loading=\"lazy\" referrerpolicy=\"no-referrer-when-downgrade\"><\/iframe>[\/vc_column_text][\/vc_column][vc_column width=&#8221;1\/4&#8243;][vc_column_text]<\/p>\n<h3>Contact<\/h3>\n<p>[\/vc_column_text][vc_column_text] R\u00d6MERCASTELL<br \/>Inn &amp; Hotel ***s<\/p>\n<p>Address Wirtsstra\u00dfe 9<br \/>85110 Kipfenberg &#8211; B\u00f6hming<\/p>\n<p><strong>Phone<\/strong> +49 (0) 8465 \/ 17 299 20<br \/><strong>E-mail<\/strong> info@roemer-castell.de[\/vc_column_text][\/vc_column][\/vc_row][\/vc_section][vc_section el_class=&#8221;hintergrund-beige&#8221;][vc_row][vc_column width=&#8221;1\/2&#8243;][vc_column_text]<\/p>\n<h2>Directions<\/h2>\n<p>[\/vc_column_text][\/vc_column][vc_column width=&#8221;1\/2&#8243;][\/vc_column][\/vc_row][vc_row][vc_column width=&#8221;1\/2&#8243;][vc_column_text]<\/p>\n<h3>Arrival by car<\/h3>\n<p>[\/vc_column_text][vc_column_text]Coming from <strong>Munich\/Ingolstadt<\/strong>, take the motorway (A9) exit 59-Denkendorf. From here, turn left toward Hauptstra\u00dfe. In Denkendorf, make a slight right onto Wassertal and then follow the country road to Kipfenberg. In Kipfenberg, turn left onto Eichst\u00e4tter Str. and then follow the country road to B\u00f6hming. In B\u00f6hming, turn right onto Wirtsstra\u00dfe. The R\u00f6mer-Castell is located on the left side, at house number 9. Parking spaces are available and included in the room rate.[\/vc_column_text][\/vc_column][vc_column width=&#8221;1\/2&#8243;][vc_empty_space][vc_column_text]Coming from <strong>Nuremberg<\/strong>, take the motorway (A9) exit 58-Altm\u00fchltal. From here, turn left toward Kinding. At the roundabout, take the third exit. After about 1 km, turn right toward Kipfenberg. In Kipfenberg, continue on Kindinger Stra\u00dfe and F\u00f6rsterstra\u00dfe. Turn left onto Frankenring and then turn right onto Eichst\u00e4tter Str. Follow the country road to B\u00f6hming. In B\u00f6hming, turn right onto Wirtsstra\u00dfe. The R\u00f6mer-Castell is located on the left side, at house number 9. Parking spaces are available and included in the room rate.[\/vc_column_text][\/vc_column][\/vc_row][vc_row][vc_column][vc_empty_space height=&#8221;50px&#8221;][\/vc_column][\/vc_row][vc_row][vc_column width=&#8221;1\/2&#8243;][vc_column_text]<\/p>\n<h3>Arrival by public transport<\/h3>\n<p>[\/vc_column_text][vc_column_text]Coming from <strong>Munich\/Ingolstadt\/Nuremberg<\/strong> by train.<\/p>\n<ul>\n<li>Exit at the <strong>Kinding (Altm\u00fchltal) train station<\/strong>.<\/li>\n<li>Continue by bus<br \/><strong>Bus line RBA 9232<\/strong> (bus from Kinding to Kipfenberg\/B\u00f6hming).<\/li>\n<li>Exit in <strong>B\u00f6hming Johannesstra\u00dfe<\/strong>.<\/li>\n<li>The last approx. 200 meters between Johannesstra\u00dfe and the R\u00f6mer Castell must be covered on foot.<\/li>\n<\/ul>\n<p>[\/vc_column_text][\/vc_column][vc_column width=&#8221;1\/2&#8243;][vc_column_text]<strong>Practical information<\/strong>[\/vc_column_text][vc_column_text]\u2714 Timetable information: Use the <a href=\"https:\/\/www.dbregiobus-bayern.de\/\">DB timetable information<\/a> or apps such as <a href=\"https:\/\/www.vgi.de\/start_de\">VGI<\/a>, <a href=\"https:\/\/www.rba-bus.de\/\">RBA Bus<\/a> departure times or public transport apps for real-time information and connection search.<\/p>\n<p>\u2714 Ticket: Regional bus tickets in the region often apply with a BahnCard if required (depending on the tariff). Find out about local networks (e.g. <a href=\"https:\/\/www.vgi.de\/start_de\">VGI<\/a>).  <\/p>\n<p>\u2714 Alternative: If there is no bus service, you could use a taxi or <a href=\"https:\/\/www.vgi.de\/vgi-flexi_Beilngries-Denkendorf\">VGI-Flexi Bus<\/a> from Kinding train station.[\/vc_column_text][\/vc_column][\/vc_row][vc_row][vc_column][vc_empty_space height=&#8221;50px&#8221;][\/vc_column][\/vc_row][vc_row][vc_column width=&#8221;1\/2&#8243;][vc_column_text]<\/p>\n<h3>Arrival by bicycle<\/h3>\n<p>[\/vc_column_text][vc_column_text]Near B\u00f6hming, there are several cycling routes, including the <a href=\"https:\/\/www.naturpark-altmuehltal.de\/radfahren\/radwege\/altmuehltal-radweg-166\/\">Altm\u00fchltal Cycle Path<\/a>, which passes directly through B\u00f6hming and by Roman sites such as the former castle.[\/vc_column_text][\/vc_column][vc_column width=&#8221;1\/2&#8243;][vc_column_text]<\/p>\n<h3>Distance<\/h3>\n<p>[\/vc_column_text][vc_column_text]Munich \u2013 approx. 106 km<br \/>Nuremberg \u2013 approx. 73 km<br \/>Ingolstadt \u2013 approx. 23 km[\/vc_column_text][\/vc_column][\/vc_row][vc_row][vc_column][vc_empty_space height=&#8221;50px&#8221;][\/vc_column][\/vc_row][vc_row][vc_column width=&#8221;1\/2&#8243;][vc_column_text]<\/p>\n<h3>Arrival on foot<\/h3>\n<p>[\/vc_column_text][vc_column_text]The <a href=\"https:\/\/www.naturpark-altmuehltal.de\/wandern\/altmuehltal-panoramaweg\/\">Altm\u00fchltal Panorama Trail<\/a> passes through B\u00f6hming, right past our house. It winds in impressive stages over the heights of the valley, offering breathtaking views of the landscape, the Altm\u00fchltal, and historic sites around B\u00f6hming.[\/vc_column_text][\/vc_column][vc_column width=&#8221;1\/4&#8243;][vc_single_image image=&#8221;563&#8243; img_size=&#8221;full&#8221;][\/vc_column][vc_column width=&#8221;1\/4&#8243;][vc_single_image image=&#8221;564&#8243; img_size=&#8221;full&#8221;][\/vc_column][\/vc_row][\/vc_section]<\/p>\n","protected":false},"excerpt":{"rendered":"<p>[vc_section css=&#8221;.vc_custom_1764586090900{background-image: url(https:\/\/www.roemer-castell.de\/wp-content\/uploads\/2022\/11\/roemercastell-zeichnung.jpg?id=179) !important;}&#8221; el_id=&#8221;titelbild&#8221; el_class=&#8221;overlay-v02&#8243;][vc_row][vc_column][\/vc_column][\/vc_row][\/vc_section][vc_section][vc_row][vc_column width=&#8221;1\/2&#8243;][vc_column_text] Contact and Directions [\/vc_column_text][\/vc_column][vc_column width=&#8221;1\/2&#8243;][\/vc_column][\/vc_row][vc_row][vc_column width=&#8221;3\/4&#8243;][vc_column_text][\/vc_column_text][\/vc_column][vc_column width=&#8221;1\/4&#8243;][vc_column_text] Contact [\/vc_column_text][vc_column_text] R\u00d6MERCASTELLInn &amp; Hotel ***s Address Wirtsstra\u00dfe 985110 Kipfenberg &#8211; B\u00f6hming Phone +49 (0) 8465 \/ 17 299 20E-mail info@roemer-castell.de[\/vc_column_text][\/vc_column][\/vc_row][\/vc_section][vc_section el_class=&#8221;hintergrund-beige&#8221;][vc_row][vc_column width=&#8221;1\/2&#8243;][vc_column_text] Directions [\/vc_column_text][\/vc_column][vc_column width=&#8221;1\/2&#8243;][\/vc_column][\/vc_row][vc_row][vc_column width=&#8221;1\/2&#8243;][vc_column_text] Arrival by car [\/vc_column_text][vc_column_text]Coming from Munich\/Ingolstadt, take the motorway<a class=\"moretag\" href=\"https:\/\/www.roemer-castell.de\/en\/directions\/\"> Read more<\/a><\/p>\n","protected":false},"author":1,"featured_media":0,"parent":0,"menu_order":0,"comment_status":"closed","ping_status":"closed","template":"page-templates\/template-pagebuilder-full-width.php","meta":{"footnotes":""},"tags":[],"class_list":["post-565","page","type-page","status-publish","hentry"],"_links":{"self":[{"href":"https:\/\/www.roemer-castell.de\/en\/wp-json\/wp\/v2\/pages\/565","targetHints":{"allow":["GET"]}}],"collection":[{"href":"https:\/\/www.roemer-castell.de\/en\/wp-json\/wp\/v2\/pages"}],"about":[{"href":"https:\/\/www.roemer-castell.de\/en\/wp-json\/wp\/v2\/types\/page"}],"author":[{"embeddable":true,"href":"https:\/\/www.roemer-castell.de\/en\/wp-json\/wp\/v2\/users\/1"}],"replies":[{"embeddable":true,"href":"https:\/\/www.roemer-castell.de\/en\/wp-json\/wp\/v2\/comments?post=565"}],"version-history":[{"count":9,"href":"https:\/\/www.roemer-castell.de\/en\/wp-json\/wp\/v2\/pages\/565\/revisions"}],"predecessor-version":[{"id":734,"href":"https:\/\/www.roemer-castell.de\/en\/wp-json\/wp\/v2\/pages\/565\/revisions\/734"}],"wp:attachment":[{"href":"https:\/\/www.roemer-castell.de\/en\/wp-json\/wp\/v2\/media?parent=565"}],"wp:term":[{"taxonomy":"post_tag","embeddable":true,"href":"https:\/\/www.roemer-castell.de\/en\/wp-json\/wp\/v2\/tags?post=565"}],"curies":[{"name":"wp","href":"https:\/\/api.w.org\/{rel}","templated":true}]}}